{"id":1481,"date":"2025-07-21T19:46:30","date_gmt":"2025-07-21T19:46:30","guid":{"rendered":"https:\/\/outliersminstg.wpenginepowered.com\/jobs\/"},"modified":"2026-03-20T16:01:41","modified_gmt":"2026-03-20T20:01:41","slug":"empleos","status":"publish","type":"page","link":"https:\/\/outliersminingsolutions.com\/es\/jobs\/","title":{"rendered":"Empleo"},"content":{"rendered":"<div data-elementor-type=\"wp-page\" data-elementor-id=\"1481\" class=\"elementor elementor-1481\" data-elementor-post-type=\"page\">\n\t\t\t\t<div class=\"elementor-element elementor-element-1c72853 e-con-full e-flex e-con e-parent\" data-id=\"1c72853\" data-element_type=\"container\" data-settings=\"{&quot;background_background&quot;:&quot;classic&quot;}\">\n\t\t<div class=\"elementor-element elementor-element-0079a68 e-flex e-con-boxed e-con e-child\" data-id=\"0079a68\" data-element_type=\"container\" data-settings=\"{&quot;background_background&quot;:&quot;video&quot;,&quot;background_play_on_mobile&quot;:&quot;yes&quot;}\">\n\t\t\t\t\t<div class=\"e-con-inner\">\n\t\t<div class=\"elementor-element elementor-element-030c643 e-con-full e-flex elementor-invisible e-con e-child\" data-id=\"030c643\" data-element_type=\"container\" data-settings=\"{&quot;background_background&quot;:&quot;gradient&quot;,&quot;animation&quot;:&quot;fadeIn&quot;}\">\n\t\t\t\t<div class=\"elementor-element elementor-element-ff58707 elementor-widget elementor-widget-spacer\" data-id=\"ff58707\" data-element_type=\"widget\" data-widget_type=\"spacer.default\">\n\t\t\t\t\t\t\t<div class=\"elementor-spacer\">\n\t\t\t<div class=\"elementor-spacer-inner\"><\/div>\n\t\t<\/div>\n\t\t\t\t\t\t<\/div>\n\t\t\t\t<div class=\"elementor-element elementor-element-a3ffff4 elementor-widget__width-inherit elementor-invisible elementor-widget elementor-widget-heading\" data-id=\"a3ffff4\" data-element_type=\"widget\" data-settings=\"{&quot;_animation&quot;:&quot;fadeIn&quot;}\" data-widget_type=\"heading.default\">\n\t\t\t\t\t<h1 class=\"elementor-heading-title elementor-size-default\">Empleo<\/h1>\t\t\t\t<\/div>\n\t\t\t\t<div class=\"elementor-element elementor-element-e68b0a8 elementor-widget__width-initial elementor-widget-mobile__width-inherit elementor-widget-widescreen__width-initial elementor-widget-tablet_extra__width-initial elementor-invisible elementor-widget elementor-widget-heading\" data-id=\"e68b0a8\" data-element_type=\"widget\" data-settings=\"{&quot;_animation&quot;:&quot;fadeIn&quot;,&quot;_animation_delay&quot;:100}\" data-widget_type=\"heading.default\">\n\t\t\t\t\t<h2 class=\"elementor-heading-title elementor-size-default\">Convi\u00e9rtete en un caso excepcional.<\/h2>\t\t\t\t<\/div>\n\t\t\t\t<div class=\"elementor-element elementor-element-7d14987 elementor-widget__width-initial elementor-invisible elementor-widget elementor-widget-text-editor\" data-id=\"7d14987\" data-element_type=\"widget\" data-settings=\"{&quot;_animation&quot;:&quot;fadeIn&quot;,&quot;_animation_delay&quot;:200}\" data-widget_type=\"text-editor.default\">\n\t\t\t\t\t\t\t\t\t<p data-start=\"387\" data-end=\"485\">Trabaja junto a l\u00edderes con amplia experiencia en el sector minero para ayudar a que las operaciones alcancen su m\u00e1ximo rendimiento.<\/p>\t\t\t\t\t\t\t\t<\/div>\n\t\t\t\t<\/div>\n\t\t\t\t\t<\/div>\n\t\t\t\t<\/div>\n\t\t\t\t<\/div>\n\t\t<div class=\"elementor-element elementor-element-b34787d e-flex e-con-boxed e-con e-parent\" data-id=\"b34787d\" data-element_type=\"container\" data-settings=\"{&quot;background_background&quot;:&quot;classic&quot;}\">\n\t\t\t\t\t<div class=\"e-con-inner\">\n\t\t<div class=\"elementor-element elementor-element-ef7cb0a e-flex e-con-boxed e-con e-child\" data-id=\"ef7cb0a\" data-element_type=\"container\" data-settings=\"{&quot;background_background&quot;:&quot;classic&quot;}\">\n\t\t\t\t\t<div class=\"e-con-inner\">\n\t\t\t\t<div class=\"elementor-element elementor-element-d30cff1 elementor-widget__width-inherit elementor-invisible elementor-widget elementor-widget-heading\" data-id=\"d30cff1\" data-element_type=\"widget\" data-settings=\"{&quot;_animation&quot;:&quot;fadeIn&quot;}\" data-widget_type=\"heading.default\">\n\t\t\t\t\t<h3 class=\"elementor-heading-title elementor-size-default\">Puestos<\/h3>\t\t\t\t<\/div>\n\t\t\t\t<div class=\"elementor-element elementor-element-c5d9fad elementor-widget elementor-widget-shortcode\" data-id=\"c5d9fad\" data-element_type=\"widget\" data-widget_type=\"shortcode.default\">\n\t\t\t\t\t\t\t<div class=\"elementor-shortcode\"><div class=\"job_listings\" data-location=\"\" data-keywords=\"\" data-show_filters=\"true\" data-show_pagination=\"false\" data-per_page=\"10\" data-orderby=\"featured\" data-order=\"DESC\" data-categories=\"\" data-disable-form-state-storage=\"\" data-featured_first=\"false\" data-post_id=\"1481\" >\n<form class=\"job_filters\" action=\"\">\n\t\n\t<div class=\"search_jobs\">\n\t\t\n\t\t<div class=\"search_keywords\">\n\t\t\t<label for=\"search_keywords\">Keywords<\/label>\n\t\t\t<input type=\"text\" name=\"search_keywords\" id=\"search_keywords\" placeholder=\"Keywords\" value=\"\" \/>\n\t\t<\/div>\n\n\t\t<div class=\"search_location\">\n\t\t\t<label for=\"search_location\">Location<\/label>\n\t\t\t<input type=\"text\" name=\"search_location\" id=\"search_location\" placeholder=\"Location\" value=\"\" \/>\n\t\t<\/div>\n\n\t\t\t\t\t<div class=\"search_remote_position\">\n\t\t\t\t<input type=\"checkbox\" class=\"input-checkbox\" name=\"remote_position\" id=\"remote_position\" placeholder=\"Location\" value=\"1\"  \/>\n\t\t\t\t<label for=\"remote_position\" id=\"remote_position_label\">Remote positions only<\/label>\n\t\t\t<\/div>\n\t\t\n\t\t<div style=\"clear: both\"><\/div>\n\n\t\t\n\t\t\t\t\t<div class=\"search_submit\">\n\t\t\t\t<input type=\"submit\" value=\"Search Jobs\">\n\t\t\t<\/div>\n\t\t\n\t\t\t<\/div>\n\n\t\t<ul class=\"job_types\">\n\t\t\t<\/ul>\n\t<input type=\"hidden\" name=\"filter_job_type[]\" value=\"\" \/>\n<div class=\"showing_jobs\"><\/div><input type=\"hidden\" name=\"trp-form-language\" value=\"es\"\/><\/form>\n\n\n<noscript>Your browser does not support JavaScript, or it is disabled. JavaScript must be enabled in order to view listings.<\/noscript>\n<ul class=\"job_listings\">\n<\/ul>\n<a class=\"load_more_jobs\" href=\"#\" style=\"display:none;\"><strong>Load more listings<\/strong><\/a><\/div><\/div>\n\t\t\t\t\t\t<\/div>\n\t\t\t\t\t<\/div>\n\t\t\t\t<\/div>\n\t\t\t\t\t<\/div>\n\t\t\t\t<\/div>\n\t\t\t\t<\/div>","protected":false},"excerpt":{"rendered":"<p>Oportunidades profesionales: convi\u00e9rtete en un referente. Trabaja junto a l\u00edderes con amplia experiencia en el sector minero para ayudar a que las operaciones alcancen su m\u00e1ximo rendimiento. Puestos<\/p>","protected":false},"author":16,"featured_media":0,"parent":0,"menu_order":11,"comment_status":"closed","ping_status":"closed","template":"elementor_header_footer","meta":{"_acf_changed":false,"footnotes":""},"class_list":["post-1481","page","type-page","status-publish","hentry"],"acf":[],"yoast_head":"<!-- This site is optimized with the Yoast SEO plugin v27.3 - https:\/\/yoast.com\/product\/yoast-seo-wordpress\/ -->\n<title>Careers - Outliers Mining Solutions<\/title>\n<meta name=\"robots\" content=\"index, follow, max-snippet:-1, max-image-preview:large, max-video-preview:-1\" \/>\n<link rel=\"canonical\" href=\"https:\/\/outliersminingsolutions.com\/es\/empleos\/\" \/>\n<meta property=\"og:locale\" content=\"es_MX\" \/>\n<meta property=\"og:type\" content=\"article\" \/>\n<meta property=\"og:title\" content=\"Careers - Outliers Mining Solutions\" \/>\n<meta property=\"og:description\" content=\"Careers Become an Outlier. Work alongside experienced mining leaders helping operations perform at their best. Positions\" \/>\n<meta property=\"og:url\" content=\"https:\/\/outliersminingsolutions.com\/es\/empleos\/\" \/>\n<meta property=\"og:site_name\" content=\"Outliers Mining Solutions\" \/>\n<meta property=\"article:modified_time\" content=\"2026-03-20T20:01:41+00:00\" \/>\n<meta name=\"twitter:card\" content=\"summary_large_image\" \/>\n<meta name=\"twitter:label1\" content=\"Est. reading time\" \/>\n\t<meta name=\"twitter:data1\" content=\"1 minuto\" \/>\n<script type=\"application\/ld+json\" class=\"yoast-schema-graph\">{\"@context\":\"https:\\\/\\\/schema.org\",\"@graph\":[{\"@type\":\"WebPage\",\"@id\":\"https:\\\/\\\/outliersminingsolutions.com\\\/jobs\\\/\",\"url\":\"https:\\\/\\\/outliersminingsolutions.com\\\/jobs\\\/\",\"name\":\"Careers - Outliers Mining Solutions\",\"isPartOf\":{\"@id\":\"https:\\\/\\\/outliersminingsolutions.com\\\/#website\"},\"datePublished\":\"2025-07-21T19:46:30+00:00\",\"dateModified\":\"2026-03-20T20:01:41+00:00\",\"breadcrumb\":{\"@id\":\"https:\\\/\\\/outliersminingsolutions.com\\\/jobs\\\/#breadcrumb\"},\"inLanguage\":\"es\",\"potentialAction\":[{\"@type\":\"ReadAction\",\"target\":[\"https:\\\/\\\/outliersminingsolutions.com\\\/jobs\\\/\"]}]},{\"@type\":\"BreadcrumbList\",\"@id\":\"https:\\\/\\\/outliersminingsolutions.com\\\/jobs\\\/#breadcrumb\",\"itemListElement\":[{\"@type\":\"ListItem\",\"position\":1,\"name\":\"Home\",\"item\":\"https:\\\/\\\/outliersminingsolutions.com\\\/\"},{\"@type\":\"ListItem\",\"position\":2,\"name\":\"Careers\"}]},{\"@type\":\"WebSite\",\"@id\":\"https:\\\/\\\/outliersminingsolutions.com\\\/#website\",\"url\":\"https:\\\/\\\/outliersminingsolutions.com\\\/\",\"name\":\"Outliers Mining Solutions\",\"description\":\"\",\"publisher\":{\"@id\":\"https:\\\/\\\/outliersminingsolutions.com\\\/#organization\"},\"potentialAction\":[{\"@type\":\"SearchAction\",\"target\":{\"@type\":\"EntryPoint\",\"urlTemplate\":\"https:\\\/\\\/outliersminingsolutions.com\\\/?s={search_term_string}\"},\"query-input\":{\"@type\":\"PropertyValueSpecification\",\"valueRequired\":true,\"valueName\":\"search_term_string\"}}],\"inLanguage\":\"es\"},{\"@type\":\"Organization\",\"@id\":\"https:\\\/\\\/outliersminingsolutions.com\\\/#organization\",\"name\":\"Outliers Mining Solutions\",\"url\":\"https:\\\/\\\/outliersminingsolutions.com\\\/\",\"logo\":{\"@type\":\"ImageObject\",\"inLanguage\":\"es\",\"@id\":\"https:\\\/\\\/outliersminingsolutions.com\\\/#\\\/schema\\\/logo\\\/image\\\/\",\"url\":\"https:\\\/\\\/outliersminingsolutions.com\\\/wp-content\\\/uploads\\\/2023\\\/05\\\/OMS-Main-Logo-white.png\",\"contentUrl\":\"https:\\\/\\\/outliersminingsolutions.com\\\/wp-content\\\/uploads\\\/2023\\\/05\\\/OMS-Main-Logo-white.png\",\"width\":421,\"height\":97,\"caption\":\"Outliers Mining Solutions\"},\"image\":{\"@id\":\"https:\\\/\\\/outliersminingsolutions.com\\\/#\\\/schema\\\/logo\\\/image\\\/\"}}]}<\/script>\n<!-- \/ Yoast SEO plugin. -->","yoast_head_json":{"title":"Empleo - Outliers Mining Solutions","robots":{"index":"index","follow":"follow","max-snippet":"max-snippet:-1","max-image-preview":"max-image-preview:large","max-video-preview":"max-video-preview:-1"},"canonical":"https:\/\/outliersminingsolutions.com\/es\/empleos\/","og_locale":"es_MX","og_type":"article","og_title":"Careers - Outliers Mining Solutions","og_description":"Careers Become an Outlier. Work alongside experienced mining leaders helping operations perform at their best. Positions","og_url":"https:\/\/outliersminingsolutions.com\/es\/empleos\/","og_site_name":"Outliers Mining Solutions","article_modified_time":"2026-03-20T20:01:41+00:00","twitter_card":"summary_large_image","twitter_misc":{"Est. reading time":"1 minuto"},"schema":{"@context":"https:\/\/schema.org","@graph":[{"@type":"WebPage","@id":"https:\/\/outliersminingsolutions.com\/jobs\/","url":"https:\/\/outliersminingsolutions.com\/jobs\/","name":"Empleo - Outliers Mining Solutions","isPartOf":{"@id":"https:\/\/outliersminingsolutions.com\/#website"},"datePublished":"2025-07-21T19:46:30+00:00","dateModified":"2026-03-20T20:01:41+00:00","breadcrumb":{"@id":"https:\/\/outliersminingsolutions.com\/jobs\/#breadcrumb"},"inLanguage":"es","potentialAction":[{"@type":"ReadAction","target":["https:\/\/outliersminingsolutions.com\/jobs\/"]}]},{"@type":"BreadcrumbList","@id":"https:\/\/outliersminingsolutions.com\/jobs\/#breadcrumb","itemListElement":[{"@type":"ListItem","position":1,"name":"Home","item":"https:\/\/outliersminingsolutions.com\/"},{"@type":"ListItem","position":2,"name":"Careers"}]},{"@type":"WebSite","@id":"https:\/\/outliersminingsolutions.com\/#website","url":"https:\/\/outliersminingsolutions.com\/","name":"Soluciones mineras de Outliers","description":"","publisher":{"@id":"https:\/\/outliersminingsolutions.com\/#organization"},"potentialAction":[{"@type":"SearchAction","target":{"@type":"EntryPoint","urlTemplate":"https:\/\/outliersminingsolutions.com\/?s={search_term_string}"},"query-input":{"@type":"PropertyValueSpecification","valueRequired":true,"valueName":"search_term_string"}}],"inLanguage":"es"},{"@type":"Organization","@id":"https:\/\/outliersminingsolutions.com\/#organization","name":"Soluciones mineras de Outliers","url":"https:\/\/outliersminingsolutions.com\/","logo":{"@type":"ImageObject","inLanguage":"es","@id":"https:\/\/outliersminingsolutions.com\/#\/schema\/logo\/image\/","url":"https:\/\/outliersminingsolutions.com\/wp-content\/uploads\/2023\/05\/OMS-Main-Logo-white.png","contentUrl":"https:\/\/outliersminingsolutions.com\/wp-content\/uploads\/2023\/05\/OMS-Main-Logo-white.png","width":421,"height":97,"caption":"Outliers Mining Solutions"},"image":{"@id":"https:\/\/outliersminingsolutions.com\/#\/schema\/logo\/image\/"}}]}},"_links":{"self":[{"href":"https:\/\/outliersminingsolutions.com\/es\/wp-json\/wp\/v2\/pages\/1481","targetHints":{"allow":["GET"]}}],"collection":[{"href":"https:\/\/outliersminingsolutions.com\/es\/wp-json\/wp\/v2\/pages"}],"about":[{"href":"https:\/\/outliersminingsolutions.com\/es\/wp-json\/wp\/v2\/types\/page"}],"author":[{"embeddable":true,"href":"https:\/\/outliersminingsolutions.com\/es\/wp-json\/wp\/v2\/users\/16"}],"replies":[{"embeddable":true,"href":"https:\/\/outliersminingsolutions.com\/es\/wp-json\/wp\/v2\/comments?post=1481"}],"version-history":[{"count":0,"href":"https:\/\/outliersminingsolutions.com\/es\/wp-json\/wp\/v2\/pages\/1481\/revisions"}],"wp:attachment":[{"href":"https:\/\/outliersminingsolutions.com\/es\/wp-json\/wp\/v2\/media?parent=1481"}],"curies":[{"name":"wp","href":"https:\/\/api.w.org\/{rel}","templated":true}]}}